{"id":1256,"date":"2024-12-31T07:23:46","date_gmt":"2024-12-31T07:23:46","guid":{"rendered":"https:\/\/cubastsocialglobal.com\/politica-de-privacidad\/"},"modified":"2025-02-13T20:00:09","modified_gmt":"2025-02-13T20:00:09","slug":"politica-de-privacidad","status":"publish","type":"page","link":"https:\/\/cubastsocialglobal.com\/es\/politica-de-privacidad\/","title":{"rendered":"Pol\u00edtica de privacidad"},"content":{"rendered":"<p>En <strong>Cuba St Social<\/strong>, tu privacidad es nuestra m\u00e1xima prioridad. Esta pol\u00edtica explica c\u00f3mo recogemos, utilizamos y protegemos tu informaci\u00f3n personal cuando interact\u00faas con nuestro sitio web, nuestros servicios y nuestra comunidad.<\/p>\n<h3>Informaci\u00f3n que recogemos<\/h3>\n<p>Cuando visitas o interact\u00faas con <strong>Cuba St Social<\/strong>, podemos recopilar:<\/p>\n<ul>\n<li>Datos personales, como tu nombre, direcci\u00f3n de correo electr\u00f3nico o informaci\u00f3n de contacto, proporcionados cuando te registras o te pones en contacto con nosotros.<\/li>\n<li>Datos t\u00e9cnicos, como tu direcci\u00f3n IP, tipo de navegador y comportamiento de navegaci\u00f3n, para mejorar tu experiencia de usuario.<\/li>\n<li>Datos de pago, en su caso, de las transacciones realizadas a trav\u00e9s de nuestra plataforma.<\/li>\n<\/ul>\n<h3>C\u00f3mo utilizamos tu informaci\u00f3n<\/h3>\n<p>Utilizamos la informaci\u00f3n recogida para:<\/p>\n<ul>\n<li>Proporcionar y mejorar nuestros servicios.<\/li>\n<li>Comunica actualizaciones, ofertas e informaci\u00f3n relevante.<\/li>\n<li>Garantizar la seguridad e integridad de nuestra plataforma.<\/li>\n<li>Cumplir los requisitos legales y reglamentarios.<\/li>\n<\/ul>\n<h3>Compartir tu informaci\u00f3n<\/h3>\n<p>Tu informaci\u00f3n nunca se vende ni se comparte con terceros sin tu consentimiento, excepto:<\/p>\n<ul>\n<li>Cuando lo exija la ley o un procedimiento judicial.<\/li>\n<li>Con socios de confianza que nos ayudan a prestar nuestros servicios (por ejemplo, procesadores de pagos).<\/li>\n<\/ul>\n<h3>Tus derechos<\/h3>\n<p>Tienes derecho a:<\/p>\n<ul>\n<li>Acceder a la informaci\u00f3n personal que tenemos sobre ti.<\/li>\n<li>Solicitar correcciones o actualizaciones de tus datos.<\/li>\n<li>Exclusi\u00f3n voluntaria de comunicaciones de marketing.<\/li>\n<li>Solicitar la supresi\u00f3n de tus datos, cuando proceda.<\/li>\n<\/ul>\n<h3>Redes sociales<\/h3>\n<p>Ocasionalmente mostramos contenido de varias plataformas de medios sociales, como Facebook e Instagram. Utilizamos estas plataformas para comercializar, por ejemplo, pases anuales, cursos y ofertas, y las cookies se utilizan para orientar las campa\u00f1as y controlar su eficacia. Para ello utilizamos, entre otros Google Adwords Facebook DoubleClick. Estas cookies almacenan tanto datos an\u00f3nimos como tambi\u00e9n pueden almacenar datos de identificaci\u00f3n personal. Los proveedores pueden compartir datos con terceros. Puedes gestionar la forma en que Facebook personaliza los anuncios para ti aqu\u00ed: https:\/\/www.facebook.com\/. Puedes gestionar la forma en que Instagram personaliza los anuncios para ti aqu\u00ed: https:\/\/help.instagram.com\/.<\/p>\n<h3>Contacta con nosotros<\/h3>\n<p>Si tienes alguna pregunta o duda sobre nuestra Pol\u00edtica de privacidad, ponte en contacto con nosotros en<\/p>\n<ul>\n<li>Correo electr\u00f3nico: <a href=\"mailto: contact@cubastsocialglobal.com\">contact@cubastsocialglobal.com<\/a><\/li>\n<li>Direcci\u00f3n: <a href=\"https:\/\/cubastsocialglobal.com\/contact-us\/\">Tienda 209 Leftbank arcade,Cuba st. Wellington,Nueva Zelanda<\/a><\/li>\n<\/ul>\n<p>Valoramos tu confianza y nos comprometemos a mantener segura tu informaci\u00f3n.<\/p>\n","protected":false},"excerpt":{"rendered":"<p>En Cuba St Social, tu privacidad es nuestra m\u00e1xima prioridad. Esta pol\u00edtica explica c\u00f3mo recogemos, utilizamos y protegemos tu informaci\u00f3n personal cuando interact\u00faas con nuestro sitio web, nuestros servicios y nuestra comunidad. Informaci\u00f3n que recogemos Cuando visitas o interact\u00faas con Cuba St Social, podemos recopilar: Datos personales, como tu nombre, direcci\u00f3n de correo electr\u00f3nico o [&hellip;]<\/p>\n","protected":false},"author":1,"featured_media":0,"parent":0,"menu_order":0,"comment_status":"closed","ping_status":"open","template":"privacy-policy-templete.php","meta":{"footnotes":""},"class_list":["post-1256","page","type-page","status-publish","hentry"],"acf":[],"yoast_head":"<!-- This site is optimized with the Yoast SEO plugin v24.6 - https:\/\/yoast.com\/wordpress\/plugins\/seo\/ -->\n<title>Pol\u00edtica de privacidad - Cuba St Social<\/title>\n<meta name=\"robots\" content=\"index, follow, max-snippet:-1, max-image-preview:large, max-video-preview:-1\" \/>\n<link rel=\"canonical\" href=\"https:\/\/cubastsocialglobal.com\/es\/politica-de-privacidad\/\" \/>\n<meta property=\"og:locale\" content=\"es_ES\" \/>\n<meta property=\"og:type\" content=\"article\" \/>\n<meta property=\"og:title\" content=\"Pol\u00edtica de privacidad - Cuba St Social\" \/>\n<meta property=\"og:description\" content=\"En Cuba St Social, tu privacidad es nuestra m\u00e1xima prioridad. Esta pol\u00edtica explica c\u00f3mo recogemos, utilizamos y protegemos tu informaci\u00f3n personal cuando interact\u00faas con nuestro sitio web, nuestros servicios y nuestra comunidad. Informaci\u00f3n que recogemos Cuando visitas o interact\u00faas con Cuba St Social, podemos recopilar: Datos personales, como tu nombre, direcci\u00f3n de correo electr\u00f3nico o [&hellip;]\" \/>\n<meta property=\"og:url\" content=\"https:\/\/cubastsocialglobal.com\/es\/politica-de-privacidad\/\" \/>\n<meta property=\"og:site_name\" content=\"Cuba St Social\" \/>\n<meta property=\"article:modified_time\" content=\"2025-02-13T20:00:09+00:00\" \/>\n<meta name=\"twitter:card\" content=\"summary_large_image\" \/>\n<meta name=\"twitter:label1\" content=\"Tiempo de lectura\" \/>\n\t<meta name=\"twitter:data1\" content=\"2 minutos\" \/>\n<script type=\"application\/ld+json\" class=\"yoast-schema-graph\">{\"@context\":\"https:\/\/schema.org\",\"@graph\":[{\"@type\":\"WebPage\",\"@id\":\"https:\/\/cubastsocialglobal.com\/es\/politica-de-privacidad\/\",\"url\":\"https:\/\/cubastsocialglobal.com\/es\/politica-de-privacidad\/\",\"name\":\"Pol\u00edtica de privacidad - Cuba St Social\",\"isPartOf\":{\"@id\":\"https:\/\/cubastsocialglobal.com\/es\/#website\"},\"datePublished\":\"2024-12-31T07:23:46+00:00\",\"dateModified\":\"2025-02-13T20:00:09+00:00\",\"breadcrumb\":{\"@id\":\"https:\/\/cubastsocialglobal.com\/es\/politica-de-privacidad\/#breadcrumb\"},\"inLanguage\":\"es\",\"potentialAction\":[{\"@type\":\"ReadAction\",\"target\":[\"https:\/\/cubastsocialglobal.com\/es\/politica-de-privacidad\/\"]}]},{\"@type\":\"BreadcrumbList\",\"@id\":\"https:\/\/cubastsocialglobal.com\/es\/politica-de-privacidad\/#breadcrumb\",\"itemListElement\":[{\"@type\":\"ListItem\",\"position\":1,\"name\":\"Home\",\"item\":\"https:\/\/cubastsocialglobal.com\/es\/inicio\/\"},{\"@type\":\"ListItem\",\"position\":2,\"name\":\"Pol\u00edtica de privacidad\"}]},{\"@type\":\"WebSite\",\"@id\":\"https:\/\/cubastsocialglobal.com\/es\/#website\",\"url\":\"https:\/\/cubastsocialglobal.com\/es\/\",\"name\":\"Cuba St Social\",\"description\":\"\",\"publisher\":{\"@id\":\"https:\/\/cubastsocialglobal.com\/es\/#organization\"},\"potentialAction\":[{\"@type\":\"SearchAction\",\"target\":{\"@type\":\"EntryPoint\",\"urlTemplate\":\"https:\/\/cubastsocialglobal.com\/es\/?s={search_term_string}\"},\"query-input\":{\"@type\":\"PropertyValueSpecification\",\"valueRequired\":true,\"valueName\":\"search_term_string\"}}],\"inLanguage\":\"es\"},{\"@type\":\"Organization\",\"@id\":\"https:\/\/cubastsocialglobal.com\/es\/#organization\",\"name\":\"Cuba St Social\",\"url\":\"https:\/\/cubastsocialglobal.com\/es\/\",\"logo\":{\"@type\":\"ImageObject\",\"inLanguage\":\"es\",\"@id\":\"https:\/\/cubastsocialglobal.com\/es\/#\/schema\/logo\/image\/\",\"url\":\"https:\/\/cubastsocialglobal.com\/wp-content\/uploads\/2025\/01\/image-1-2.png\",\"contentUrl\":\"https:\/\/cubastsocialglobal.com\/wp-content\/uploads\/2025\/01\/image-1-2.png\",\"width\":140,\"height\":70,\"caption\":\"Cuba St Social\"},\"image\":{\"@id\":\"https:\/\/cubastsocialglobal.com\/es\/#\/schema\/logo\/image\/\"},\"sameAs\":[\"https:\/\/www.instagram.com\/cubastsocial\/\"]}]}<\/script>\n<!-- \/ Yoast SEO plugin. -->","yoast_head_json":{"title":"Pol\u00edtica de privacidad - Cuba St Social","robots":{"index":"index","follow":"follow","max-snippet":"max-snippet:-1","max-image-preview":"max-image-preview:large","max-video-preview":"max-video-preview:-1"},"canonical":"https:\/\/cubastsocialglobal.com\/es\/politica-de-privacidad\/","og_locale":"es_ES","og_type":"article","og_title":"Pol\u00edtica de privacidad - Cuba St Social","og_description":"En Cuba St Social, tu privacidad es nuestra m\u00e1xima prioridad. Esta pol\u00edtica explica c\u00f3mo recogemos, utilizamos y protegemos tu informaci\u00f3n personal cuando interact\u00faas con nuestro sitio web, nuestros servicios y nuestra comunidad. Informaci\u00f3n que recogemos Cuando visitas o interact\u00faas con Cuba St Social, podemos recopilar: Datos personales, como tu nombre, direcci\u00f3n de correo electr\u00f3nico o [&hellip;]","og_url":"https:\/\/cubastsocialglobal.com\/es\/politica-de-privacidad\/","og_site_name":"Cuba St Social","article_modified_time":"2025-02-13T20:00:09+00:00","twitter_card":"summary_large_image","twitter_misc":{"Tiempo de lectura":"2 minutos"},"schema":{"@context":"https:\/\/schema.org","@graph":[{"@type":"WebPage","@id":"https:\/\/cubastsocialglobal.com\/es\/politica-de-privacidad\/","url":"https:\/\/cubastsocialglobal.com\/es\/politica-de-privacidad\/","name":"Pol\u00edtica de privacidad - Cuba St Social","isPartOf":{"@id":"https:\/\/cubastsocialglobal.com\/es\/#website"},"datePublished":"2024-12-31T07:23:46+00:00","dateModified":"2025-02-13T20:00:09+00:00","breadcrumb":{"@id":"https:\/\/cubastsocialglobal.com\/es\/politica-de-privacidad\/#breadcrumb"},"inLanguage":"es","potentialAction":[{"@type":"ReadAction","target":["https:\/\/cubastsocialglobal.com\/es\/politica-de-privacidad\/"]}]},{"@type":"BreadcrumbList","@id":"https:\/\/cubastsocialglobal.com\/es\/politica-de-privacidad\/#breadcrumb","itemListElement":[{"@type":"ListItem","position":1,"name":"Home","item":"https:\/\/cubastsocialglobal.com\/es\/inicio\/"},{"@type":"ListItem","position":2,"name":"Pol\u00edtica de privacidad"}]},{"@type":"WebSite","@id":"https:\/\/cubastsocialglobal.com\/es\/#website","url":"https:\/\/cubastsocialglobal.com\/es\/","name":"Cuba St Social","description":"","publisher":{"@id":"https:\/\/cubastsocialglobal.com\/es\/#organization"},"potentialAction":[{"@type":"SearchAction","target":{"@type":"EntryPoint","urlTemplate":"https:\/\/cubastsocialglobal.com\/es\/?s={search_term_string}"},"query-input":{"@type":"PropertyValueSpecification","valueRequired":true,"valueName":"search_term_string"}}],"inLanguage":"es"},{"@type":"Organization","@id":"https:\/\/cubastsocialglobal.com\/es\/#organization","name":"Cuba St Social","url":"https:\/\/cubastsocialglobal.com\/es\/","logo":{"@type":"ImageObject","inLanguage":"es","@id":"https:\/\/cubastsocialglobal.com\/es\/#\/schema\/logo\/image\/","url":"https:\/\/cubastsocialglobal.com\/wp-content\/uploads\/2025\/01\/image-1-2.png","contentUrl":"https:\/\/cubastsocialglobal.com\/wp-content\/uploads\/2025\/01\/image-1-2.png","width":140,"height":70,"caption":"Cuba St Social"},"image":{"@id":"https:\/\/cubastsocialglobal.com\/es\/#\/schema\/logo\/image\/"},"sameAs":["https:\/\/www.instagram.com\/cubastsocial\/"]}]}},"_links":{"self":[{"href":"https:\/\/cubastsocialglobal.com\/es\/wp-json\/wp\/v2\/pages\/1256","targetHints":{"allow":["GET"]}}],"collection":[{"href":"https:\/\/cubastsocialglobal.com\/es\/wp-json\/wp\/v2\/pages"}],"about":[{"href":"https:\/\/cubastsocialglobal.com\/es\/wp-json\/wp\/v2\/types\/page"}],"author":[{"embeddable":true,"href":"https:\/\/cubastsocialglobal.com\/es\/wp-json\/wp\/v2\/users\/1"}],"replies":[{"embeddable":true,"href":"https:\/\/cubastsocialglobal.com\/es\/wp-json\/wp\/v2\/comments?post=1256"}],"version-history":[{"count":3,"href":"https:\/\/cubastsocialglobal.com\/es\/wp-json\/wp\/v2\/pages\/1256\/revisions"}],"predecessor-version":[{"id":1406,"href":"https:\/\/cubastsocialglobal.com\/es\/wp-json\/wp\/v2\/pages\/1256\/revisions\/1406"}],"wp:attachment":[{"href":"https:\/\/cubastsocialglobal.com\/es\/wp-json\/wp\/v2\/media?parent=1256"}],"curies":[{"name":"wp","href":"https:\/\/api.w.org\/{rel}","templated":true}]}}